{"id":50,"date":"2023-02-23T08:05:23","date_gmt":"2023-02-23T08:05:23","guid":{"rendered":"https:\/\/bitcentar.mk\/zkrm\/?page_id=50"},"modified":"2023-02-27T09:23:29","modified_gmt":"2023-02-27T09:23:29","slug":"%d1%83%d1%81%d0%bb%d1%83%d0%b3%d0%b8","status":"publish","type":"page","link":"https:\/\/zkrsm.mk\/z\/?page_id=50","title":{"rendered":"SH\u00cbRBIMET"},"content":{"rendered":"<p><span style=\"color: #000000;\">Oda obstetrike e Republik\u00ebs s\u00eb Maqedonis\u00eb s\u00eb Veriut \u00ebsht\u00eb p\u00ebrgjegj\u00ebse p\u00ebr sa vijon:<\/span><\/p>\n<ul>\n<li><span style=\"color: #000000;\">Arritja e interesave t\u00eb p\u00ebrbashk\u00ebta sociale dhe ekonomike t\u00eb artizan\u00ebve;<\/span><\/li>\n<li><span style=\"color: #000000;\">P\u00ebrfaq\u00ebsimi i interesave t\u00eb an\u00ebtar\u00ebve t\u00eb saj para institucioneve shtet\u00ebrore gjat\u00eb hartimit t\u00eb legjislacionit;<\/span><\/li>\n<li><span style=\"color: #000000;\">Paraqitjen e propozimeve dhe mendimeve p\u00ebr zgjidhje t\u00eb caktuara ligjore nga l\u00ebmia e zejtaris\u00eb tek autoritetet p\u00ebrkat\u00ebse t\u00eb Republik\u00ebs s\u00eb Maqedonis\u00eb s\u00eb Veriut;<\/span><\/li>\n<li><span style=\"color: #000000;\">Zhvillimi dhe promovimi i zejtaris\u00eb n\u00eb tregun vendas dhe nd\u00ebrkomb\u00ebtar;<\/span><\/li>\n<li><span style=\"color: #000000;\">Futja e nj\u00eb sistemi t\u00eb vet\u00ebm informacioni p\u00ebr operacionet e biznesit dhe informacione t\u00eb tjera t\u00eb nevojshme p\u00ebr zhvillimin e zanatit;<\/span><\/li>\n<li><span style=\"color: #000000;\">Forcimi dhe zhvillimi i bashk\u00ebpunimit me shoqata t\u00eb huaja t\u00eb nj\u00ebjta ose t\u00eb ngjashme t\u00eb dedikuara p\u00ebr promovimin dhe tregtimin e zejeve komb\u00ebtare n\u00eb panaire, ekspozita dhe ngjarje t\u00eb ngjashme brenda dhe jasht\u00eb vendit;<\/span><\/li>\n<li><span style=\"color: #000000;\">Futja e kurrikulave p\u00ebr trajnim, rikualifikim dhe trajnime plot\u00ebsuese brenda qendrave t\u00eb trajnimit;<\/span><\/li>\n<li><span style=\"color: #000000;\">P\u00ebrshtatja e kurrikulave p\u00ebr vler\u00ebsimin e aft\u00ebsive profesionale dhe dh\u00ebnien e provimit t\u00eb masterit;<\/span><\/li>\n<li><span style=\"color: #000000;\">P\u00ebrcaktimi i form\u00ebs dhe p\u00ebrmbajtjes s\u00eb certifikat\u00ebs s\u00eb dh\u00ebnies s\u00eb provimit t\u00eb masterit;<\/span><br \/>\n<span style=\"color: #000000;\">Zgjidhja e mosmarr\u00ebveshjeve nd\u00ebrmjet an\u00ebtar\u00ebve t\u00eb saj.<\/span><\/li>\n<\/ul>\n","protected":false},"excerpt":{"rendered":"<p>Oda obstetrike e Republik\u00ebs s\u00eb Maqedonis\u00eb s\u00eb Veriut \u00ebsht\u00eb p\u00ebrgjegj\u00ebse p\u00ebr sa vijon: Arritja e interesave t\u00eb p\u00ebrbashk\u00ebta sociale dhe ekonomike t\u00eb artizan\u00ebve; P\u00ebrfaq\u00ebsimi i interesave t\u00eb an\u00ebtar\u00ebve t\u00eb saj para institucioneve shtet\u00ebrore gjat\u00eb hartimit t\u00eb legjislacionit; Paraqitjen e propozimeve [&hellip;]<\/p>\n","protected":false},"author":1,"featured_media":0,"parent":0,"menu_order":0,"comment_status":"closed","ping_status":"closed","template":"","meta":[],"_links":{"self":[{"href":"https:\/\/zkrsm.mk\/z\/index.php?rest_route=\/wp\/v2\/pages\/50"}],"collection":[{"href":"https:\/\/zkrsm.mk\/z\/index.php?rest_route=\/wp\/v2\/pages"}],"about":[{"href":"https:\/\/zkrsm.mk\/z\/index.php?rest_route=\/wp\/v2\/types\/page"}],"author":[{"embeddable":true,"href":"https:\/\/zkrsm.mk\/z\/index.php?rest_route=\/wp\/v2\/users\/1"}],"replies":[{"embeddable":true,"href":"https:\/\/zkrsm.mk\/z\/index.php?rest_route=%2Fwp%2Fv2%2Fcomments&post=50"}],"version-history":[{"count":3,"href":"https:\/\/zkrsm.mk\/z\/index.php?rest_route=\/wp\/v2\/pages\/50\/revisions"}],"predecessor-version":[{"id":152,"href":"https:\/\/zkrsm.mk\/z\/index.php?rest_route=\/wp\/v2\/pages\/50\/revisions\/152"}],"wp:attachment":[{"href":"https:\/\/zkrsm.mk\/z\/index.php?rest_route=%2Fwp%2Fv2%2Fmedia&parent=50"}],"curies":[{"name":"wp","href":"https:\/\/api.w.org\/{rel}","templated":true}]}}