{"id":41,"date":"2023-02-23T07:51:23","date_gmt":"2023-02-23T07:51:23","guid":{"rendered":"https:\/\/bitcentar.mk\/zkrm\/?page_id=41"},"modified":"2023-02-27T09:08:01","modified_gmt":"2023-02-27T09:08:01","slug":"%d0%ba%d0%be%d0%bd%d1%82%d0%b0%d0%ba%d1%82","status":"publish","type":"page","link":"https:\/\/zkrsm.mk\/z\/?page_id=41","title":{"rendered":"KONTAKTONI"},"content":{"rendered":"<p><span style=\"color: #000000;\">EMRI: Oda zejtare e Republik\u00ebs s\u00eb Maqedonis\u00eb s\u00eb Veriut<\/span><br \/>\n<span style=\"color: #000000;\">Emri i shkurt\u00ebr: OZRMV<\/span><\/p>\n<p><span style=\"color: #000000;\">Adres\u00eb:\u00a0 \u00a0ul.Vasil Glavinov nr.16\/1-11 Shkup-Qend\u00ebr<\/span><\/p>\n<p><span style=\"color: #000000;\">Tel: +389 2 505 3544<\/span><\/p>\n<p><span style=\"color: #000000;\">Facebook: https:\/\/www.facebook.com\/zanatzeja<\/span><br \/>\n<span style=\"color: #000000;\">e-mail: info@zkrm.mk<\/span><\/p>\n<p><iframe loading=\"lazy\" style=\"border: 0;\" src=\"https:\/\/www.google.com\/maps\/embed?pb=!1m18!1m12!1m3!1d741.337415536267!2d21.429458529250997!3d41.99277079544917!2m3!1f0!2f0!3f0!3m2!1i1024!2i768!4f13.1!3m3!1m2!1s0x135415b5719cd7f3%3A0x9258e4ffd865d77e!2sMakedonija%207%2C%20Skopje%201000!5e0!3m2!1sen!2smk!4v1677139108673!5m2!1sen!2smk\" width=\"1600\" height=\"450\" allowfullscreen=\"allowfullscreen\"><span data-mce-type=\"bookmark\" style=\"display: inline-block; width: 0px; overflow: hidden; line-height: 0;\" class=\"mce_SELRES_start\">\ufeff<\/span><\/iframe><\/p>\n","protected":false},"excerpt":{"rendered":"<p>EMRI: Oda zejtare e Republik\u00ebs s\u00eb Maqedonis\u00eb s\u00eb Veriut Emri i shkurt\u00ebr: OZRMV Adres\u00eb:\u00a0 \u00a0ul.Vasil Glavinov nr.16\/1-11 Shkup-Qend\u00ebr Tel: +389 2 505 3544 Facebook: https:\/\/www.facebook.com\/zanatzeja e-mail: info@zkrm.mk \ufeff<\/p>\n","protected":false},"author":1,"featured_media":0,"parent":0,"menu_order":0,"comment_status":"closed","ping_status":"closed","template":"","meta":[],"_links":{"self":[{"href":"https:\/\/zkrsm.mk\/z\/index.php?rest_route=\/wp\/v2\/pages\/41"}],"collection":[{"href":"https:\/\/zkrsm.mk\/z\/index.php?rest_route=\/wp\/v2\/pages"}],"about":[{"href":"https:\/\/zkrsm.mk\/z\/index.php?rest_route=\/wp\/v2\/types\/page"}],"author":[{"embeddable":true,"href":"https:\/\/zkrsm.mk\/z\/index.php?rest_route=\/wp\/v2\/users\/1"}],"replies":[{"embeddable":true,"href":"https:\/\/zkrsm.mk\/z\/index.php?rest_route=%2Fwp%2Fv2%2Fcomments&post=41"}],"version-history":[{"count":6,"href":"https:\/\/zkrsm.mk\/z\/index.php?rest_route=\/wp\/v2\/pages\/41\/revisions"}],"predecessor-version":[{"id":141,"href":"https:\/\/zkrsm.mk\/z\/index.php?rest_route=\/wp\/v2\/pages\/41\/revisions\/141"}],"wp:attachment":[{"href":"https:\/\/zkrsm.mk\/z\/index.php?rest_route=%2Fwp%2Fv2%2Fmedia&parent=41"}],"curies":[{"name":"wp","href":"https:\/\/api.w.org\/{rel}","templated":true}]}}