{"id":27,"date":"2023-02-23T07:38:36","date_gmt":"2023-02-23T07:38:36","guid":{"rendered":"https:\/\/bitcentar.mk\/zkrm\/?page_id=27"},"modified":"2023-02-27T09:11:42","modified_gmt":"2023-02-27T09:11:42","slug":"%d0%b2%d0%b8%d0%b7%d0%b8%d1%98%d0%b0","status":"publish","type":"page","link":"https:\/\/zkrsm.mk\/z\/?page_id=27","title":{"rendered":"VIZIONI"},"content":{"rendered":"<p><span style=\"color: #000000;\">Synimi yn\u00eb \u00ebsht\u00eb t\u00eb ndihmojm\u00eb artizanatin t\u00eb z\u00ebr\u00eb vendin e merituar n\u00eb shoq\u00ebri dhe t\u00eb mbajm\u00eb nj\u00eb dialog politik konstruktiv, i cili mund\u00ebson krijimin e kushteve korniz\u00eb p\u00ebr zhvillimin dhe promovimin e bizneseve t\u00eb vogla dhe artizanateve<\/span><\/p>\n","protected":false},"excerpt":{"rendered":"<p>Synimi yn\u00eb \u00ebsht\u00eb t\u00eb ndihmojm\u00eb artizanatin t\u00eb z\u00ebr\u00eb vendin e merituar n\u00eb shoq\u00ebri dhe t\u00eb mbajm\u00eb nj\u00eb dialog politik konstruktiv, i cili mund\u00ebson krijimin e kushteve korniz\u00eb p\u00ebr zhvillimin dhe promovimin e bizneseve t\u00eb vogla dhe artizanateve<\/p>\n","protected":false},"author":1,"featured_media":0,"parent":0,"menu_order":0,"comment_status":"closed","ping_status":"closed","template":"","meta":[],"_links":{"self":[{"href":"https:\/\/zkrsm.mk\/z\/index.php?rest_route=\/wp\/v2\/pages\/27"}],"collection":[{"href":"https:\/\/zkrsm.mk\/z\/index.php?rest_route=\/wp\/v2\/pages"}],"about":[{"href":"https:\/\/zkrsm.mk\/z\/index.php?rest_route=\/wp\/v2\/types\/page"}],"author":[{"embeddable":true,"href":"https:\/\/zkrsm.mk\/z\/index.php?rest_route=\/wp\/v2\/users\/1"}],"replies":[{"embeddable":true,"href":"https:\/\/zkrsm.mk\/z\/index.php?rest_route=%2Fwp%2Fv2%2Fcomments&post=27"}],"version-history":[{"count":3,"href":"https:\/\/zkrsm.mk\/z\/index.php?rest_route=\/wp\/v2\/pages\/27\/revisions"}],"predecessor-version":[{"id":145,"href":"https:\/\/zkrsm.mk\/z\/index.php?rest_route=\/wp\/v2\/pages\/27\/revisions\/145"}],"wp:attachment":[{"href":"https:\/\/zkrsm.mk\/z\/index.php?rest_route=%2Fwp%2Fv2%2Fmedia&parent=27"}],"curies":[{"name":"wp","href":"https:\/\/api.w.org\/{rel}","templated":true}]}}