{"id":184,"date":"2023-06-27T12:15:01","date_gmt":"2023-06-27T12:15:01","guid":{"rendered":"https:\/\/zkrsm.mk\/alzkrm\/?page_id=184"},"modified":"2023-06-27T12:16:52","modified_gmt":"2023-06-27T12:16:52","slug":"ngjarje","status":"publish","type":"page","link":"https:\/\/zkrsm.mk\/z\/?page_id=184","title":{"rendered":"NGJARJE"},"content":{"rendered":"<div class=\"pt-cv-wrapper\"><div class=\"pt-cv-view pt-cv-grid pt-cv-colsys\" id=\"pt-cv-view-042479aqvb\"><div data-id=\"pt-cv-page-1\" class=\"pt-cv-page\" data-cvc=\"3\"><div class=\"col-md-4 col-sm-6 col-xs-12 pt-cv-content-item pt-cv-1-col\" ><div class='pt-cv-ifield'><a href=\"https:\/\/zkrsm.mk\/z\/?p=396\" class=\"_self pt-cv-href-thumbnail pt-cv-thumb-default\" target=\"_self\" ><img width=\"300\" height=\"225\" src=\"https:\/\/zkrsm.mk\/z\/wp-content\/uploads\/2025\/05\/501040008_1406264794055498_1861615027477166612_n-300x225.jpg\" class=\"pt-cv-thumbnail\" alt=\"\" loading=\"lazy\" srcset=\"https:\/\/zkrsm.mk\/z\/wp-content\/uploads\/2025\/05\/501040008_1406264794055498_1861615027477166612_n-300x225.jpg 300w, https:\/\/zkrsm.mk\/z\/wp-content\/uploads\/2025\/05\/501040008_1406264794055498_1861615027477166612_n-1024x768.jpg 1024w, https:\/\/zkrsm.mk\/z\/wp-content\/uploads\/2025\/05\/501040008_1406264794055498_1861615027477166612_n-768x576.jpg 768w, https:\/\/zkrsm.mk\/z\/wp-content\/uploads\/2025\/05\/501040008_1406264794055498_1861615027477166612_n-1536x1152.jpg 1536w, https:\/\/zkrsm.mk\/z\/wp-content\/uploads\/2025\/05\/501040008_1406264794055498_1861615027477166612_n-360x270.jpg 360w, https:\/\/zkrsm.mk\/z\/wp-content\/uploads\/2025\/05\/501040008_1406264794055498_1861615027477166612_n-24x18.jpg 24w, https:\/\/zkrsm.mk\/z\/wp-content\/uploads\/2025\/05\/501040008_1406264794055498_1861615027477166612_n-36x27.jpg 36w, https:\/\/zkrsm.mk\/z\/wp-content\/uploads\/2025\/05\/501040008_1406264794055498_1861615027477166612_n-48x36.jpg 48w, https:\/\/zkrsm.mk\/z\/wp-content\/uploads\/2025\/05\/501040008_1406264794055498_1861615027477166612_n.jpg 1600w\" sizes=\"(max-width: 300px) 100vw, 300px\" \/><\/a>\n<h4 class=\"pt-cv-title\"><a href=\"https:\/\/zkrsm.mk\/z\/?p=396\" class=\"_self\" target=\"_self\" >Pjesa praktike e trajnimit p\u00ebr estetist\u00ebt!<\/a><\/h4><\/div><\/div>\n<div class=\"col-md-4 col-sm-6 col-xs-12 pt-cv-content-item pt-cv-1-col\" ><div class='pt-cv-ifield'><a href=\"https:\/\/zkrsm.mk\/z\/?p=389\" class=\"_self pt-cv-href-thumbnail pt-cv-thumb-default\" target=\"_self\" ><img width=\"300\" height=\"200\" src=\"https:\/\/zkrsm.mk\/z\/wp-content\/uploads\/2025\/05\/499722806_1402988827716428_247964073472922232_n-300x200.jpg\" class=\"pt-cv-thumbnail\" alt=\"\" loading=\"lazy\" srcset=\"https:\/\/zkrsm.mk\/z\/wp-content\/uploads\/2025\/05\/499722806_1402988827716428_247964073472922232_n-300x200.jpg 300w, https:\/\/zkrsm.mk\/z\/wp-content\/uploads\/2025\/05\/499722806_1402988827716428_247964073472922232_n-1024x683.jpg 1024w, https:\/\/zkrsm.mk\/z\/wp-content\/uploads\/2025\/05\/499722806_1402988827716428_247964073472922232_n-768x512.jpg 768w, https:\/\/zkrsm.mk\/z\/wp-content\/uploads\/2025\/05\/499722806_1402988827716428_247964073472922232_n-24x16.jpg 24w, https:\/\/zkrsm.mk\/z\/wp-content\/uploads\/2025\/05\/499722806_1402988827716428_247964073472922232_n-36x24.jpg 36w, https:\/\/zkrsm.mk\/z\/wp-content\/uploads\/2025\/05\/499722806_1402988827716428_247964073472922232_n-48x32.jpg 48w, https:\/\/zkrsm.mk\/z\/wp-content\/uploads\/2025\/05\/499722806_1402988827716428_247964073472922232_n.jpg 1080w\" sizes=\"(max-width: 300px) 100vw, 300px\" \/><\/a>\n<h4 class=\"pt-cv-title\"><a href=\"https:\/\/zkrsm.mk\/z\/?p=389\" class=\"_self\" target=\"_self\" >Duke festuar Dit\u00ebn Bot\u00ebrore t\u00eb Blet\u00ebve. Eventi, i organizuar nga Ambasada e Republik\u00ebs s\u00eb Sllovenis\u00eb<\/a><\/h4><\/div><\/div>\n<div class=\"col-md-4 col-sm-6 col-xs-12 pt-cv-content-item pt-cv-1-col\" ><div class='pt-cv-ifield'><a href=\"https:\/\/zkrsm.mk\/z\/?p=381\" class=\"_self pt-cv-href-thumbnail pt-cv-thumb-default\" target=\"_self\" ><img width=\"300\" height=\"241\" src=\"https:\/\/zkrsm.mk\/z\/wp-content\/uploads\/2025\/05\/Screenshot_7-300x241.jpg\" class=\"pt-cv-thumbnail\" alt=\"\" loading=\"lazy\" srcset=\"https:\/\/zkrsm.mk\/z\/wp-content\/uploads\/2025\/05\/Screenshot_7-300x241.jpg 300w, https:\/\/zkrsm.mk\/z\/wp-content\/uploads\/2025\/05\/Screenshot_7-24x19.jpg 24w, https:\/\/zkrsm.mk\/z\/wp-content\/uploads\/2025\/05\/Screenshot_7-36x29.jpg 36w, https:\/\/zkrsm.mk\/z\/wp-content\/uploads\/2025\/05\/Screenshot_7-48x38.jpg 48w, https:\/\/zkrsm.mk\/z\/wp-content\/uploads\/2025\/05\/Screenshot_7.jpg 333w\" sizes=\"(max-width: 300px) 100vw, 300px\" \/><\/a>\n<h4 class=\"pt-cv-title\"><a href=\"https:\/\/zkrsm.mk\/z\/?p=381\" class=\"_self\" target=\"_self\" >Dit\u00eb informuese n\u00eb Shkup, Tetov\u00eb, Gostivar \u2013 hapi i par\u00eb drejt nj\u00eb profesioni t\u00eb ri!<\/a><\/h4><\/div><\/div>\n<div class=\"col-md-4 col-sm-6 col-xs-12 pt-cv-content-item pt-cv-1-col\" ><div class='pt-cv-ifield'><a href=\"https:\/\/zkrsm.mk\/z\/?p=375\" class=\"_self pt-cv-href-thumbnail pt-cv-thumb-default\" target=\"_self\" ><img width=\"300\" height=\"200\" src=\"https:\/\/zkrsm.mk\/z\/wp-content\/uploads\/2025\/05\/Screenshot_1-300x200.jpg\" class=\"pt-cv-thumbnail\" alt=\"\" loading=\"lazy\" srcset=\"https:\/\/zkrsm.mk\/z\/wp-content\/uploads\/2025\/05\/Screenshot_1-300x200.jpg 300w, https:\/\/zkrsm.mk\/z\/wp-content\/uploads\/2025\/05\/Screenshot_1-24x16.jpg 24w, https:\/\/zkrsm.mk\/z\/wp-content\/uploads\/2025\/05\/Screenshot_1-36x24.jpg 36w, https:\/\/zkrsm.mk\/z\/wp-content\/uploads\/2025\/05\/Screenshot_1-48x32.jpg 48w, https:\/\/zkrsm.mk\/z\/wp-content\/uploads\/2025\/05\/Screenshot_1.jpg 680w\" sizes=\"(max-width: 300px) 100vw, 300px\" \/><\/a>\n<h4 class=\"pt-cv-title\"><a href=\"https:\/\/zkrsm.mk\/z\/?p=375\" class=\"_self\" target=\"_self\" >Projekti &#8220;Arsimi dhe Fuqizimi Ekonomik i Grave&#8221; ka filluar<\/a><\/h4><\/div><\/div>\n<div class=\"col-md-4 col-sm-6 col-xs-12 pt-cv-content-item pt-cv-1-col\" ><div class='pt-cv-ifield'><a href=\"https:\/\/zkrsm.mk\/z\/?p=369\" class=\"_self pt-cv-href-thumbnail pt-cv-thumb-default\" target=\"_self\" ><img width=\"300\" height=\"200\" src=\"https:\/\/zkrsm.mk\/z\/wp-content\/uploads\/2025\/05\/495536427_1396008181747826_8965077329853923586_n-300x200.jpg\" class=\"pt-cv-thumbnail\" alt=\"\" loading=\"lazy\" srcset=\"https:\/\/zkrsm.mk\/z\/wp-content\/uploads\/2025\/05\/495536427_1396008181747826_8965077329853923586_n-300x200.jpg 300w, https:\/\/zkrsm.mk\/z\/wp-content\/uploads\/2025\/05\/495536427_1396008181747826_8965077329853923586_n-1024x683.jpg 1024w, https:\/\/zkrsm.mk\/z\/wp-content\/uploads\/2025\/05\/495536427_1396008181747826_8965077329853923586_n-768x512.jpg 768w, https:\/\/zkrsm.mk\/z\/wp-content\/uploads\/2025\/05\/495536427_1396008181747826_8965077329853923586_n-1536x1024.jpg 1536w, https:\/\/zkrsm.mk\/z\/wp-content\/uploads\/2025\/05\/495536427_1396008181747826_8965077329853923586_n-24x16.jpg 24w, https:\/\/zkrsm.mk\/z\/wp-content\/uploads\/2025\/05\/495536427_1396008181747826_8965077329853923586_n-36x24.jpg 36w, https:\/\/zkrsm.mk\/z\/wp-content\/uploads\/2025\/05\/495536427_1396008181747826_8965077329853923586_n-48x32.jpg 48w, https:\/\/zkrsm.mk\/z\/wp-content\/uploads\/2025\/05\/495536427_1396008181747826_8965077329853923586_n.jpg 2048w\" sizes=\"(max-width: 300px) 100vw, 300px\" \/><\/a>\n<h4 class=\"pt-cv-title\"><a href=\"https:\/\/zkrsm.mk\/z\/?p=369\" class=\"_self\" target=\"_self\" >N\u00ebnshkruhet zyrtarisht marr\u00ebveshja me Ambasad\u00ebn e Republik\u00ebs s\u00eb Sllovenis\u00eb p\u00ebr nj\u00eb projekt t\u00eb ri zhvillimi n\u00eb Maqedonin\u00eb e Veriut<\/a><\/h4><\/div><\/div>\n<div class=\"col-md-4 col-sm-6 col-xs-12 pt-cv-content-item pt-cv-1-col\" ><div class='pt-cv-ifield'><a href=\"https:\/\/zkrsm.mk\/z\/?p=348\" class=\"_self pt-cv-href-thumbnail pt-cv-thumb-default\" target=\"_self\" ><img width=\"300\" height=\"200\" src=\"https:\/\/zkrsm.mk\/z\/wp-content\/uploads\/2025\/05\/495453715_1395993748415936_4980734041297177984_n-300x200.jpg\" class=\"pt-cv-thumbnail\" alt=\"\" loading=\"lazy\" srcset=\"https:\/\/zkrsm.mk\/z\/wp-content\/uploads\/2025\/05\/495453715_1395993748415936_4980734041297177984_n-300x200.jpg 300w, https:\/\/zkrsm.mk\/z\/wp-content\/uploads\/2025\/05\/495453715_1395993748415936_4980734041297177984_n-1024x683.jpg 1024w, https:\/\/zkrsm.mk\/z\/wp-content\/uploads\/2025\/05\/495453715_1395993748415936_4980734041297177984_n-768x512.jpg 768w, https:\/\/zkrsm.mk\/z\/wp-content\/uploads\/2025\/05\/495453715_1395993748415936_4980734041297177984_n-1536x1024.jpg 1536w, https:\/\/zkrsm.mk\/z\/wp-content\/uploads\/2025\/05\/495453715_1395993748415936_4980734041297177984_n-24x16.jpg 24w, https:\/\/zkrsm.mk\/z\/wp-content\/uploads\/2025\/05\/495453715_1395993748415936_4980734041297177984_n-36x24.jpg 36w, https:\/\/zkrsm.mk\/z\/wp-content\/uploads\/2025\/05\/495453715_1395993748415936_4980734041297177984_n-48x32.jpg 48w, https:\/\/zkrsm.mk\/z\/wp-content\/uploads\/2025\/05\/495453715_1395993748415936_4980734041297177984_n.jpg 2048w\" sizes=\"(max-width: 300px) 100vw, 300px\" \/><\/a>\n<h4 class=\"pt-cv-title\"><a href=\"https:\/\/zkrsm.mk\/z\/?p=348\" class=\"_self\" target=\"_self\" >HAPJA CEREMONIALE E QENDR\u00cbS S\u00cb TRAJNIMIT T\u00cb DHOM\u00cbS S\u00cb ZEJTALEVE T\u00cb REPUBLIK\u00cbS S\u00cb MAQEDONIS\u00cb S\u00cb VERIUT<\/a><\/h4><\/div><\/div>\n<div class=\"col-md-4 col-sm-6 col-xs-12 pt-cv-content-item pt-cv-1-col\" ><div class='pt-cv-ifield'><a href=\"https:\/\/zkrsm.mk\/z\/?p=343\" class=\"_self pt-cv-href-thumbnail pt-cv-thumb-default\" target=\"_self\" ><img width=\"300\" height=\"167\" src=\"https:\/\/zkrsm.mk\/z\/wp-content\/uploads\/2025\/02\/Screenshot_2-1-300x167.jpg\" class=\"pt-cv-thumbnail\" alt=\"\" loading=\"lazy\" srcset=\"https:\/\/zkrsm.mk\/z\/wp-content\/uploads\/2025\/02\/Screenshot_2-1-300x167.jpg 300w, https:\/\/zkrsm.mk\/z\/wp-content\/uploads\/2025\/02\/Screenshot_2-1-768x428.jpg 768w, https:\/\/zkrsm.mk\/z\/wp-content\/uploads\/2025\/02\/Screenshot_2-1-24x13.jpg 24w, https:\/\/zkrsm.mk\/z\/wp-content\/uploads\/2025\/02\/Screenshot_2-1-36x20.jpg 36w, https:\/\/zkrsm.mk\/z\/wp-content\/uploads\/2025\/02\/Screenshot_2-1-48x27.jpg 48w, https:\/\/zkrsm.mk\/z\/wp-content\/uploads\/2025\/02\/Screenshot_2-1.jpg 826w\" sizes=\"(max-width: 300px) 100vw, 300px\" \/><\/a>\n<h4 class=\"pt-cv-title\"><a href=\"https:\/\/zkrsm.mk\/z\/?p=343\" class=\"_self\" target=\"_self\" >Video &#8211; Zejtar<\/a><\/h4><\/div><\/div>\n<div class=\"col-md-4 col-sm-6 col-xs-12 pt-cv-content-item pt-cv-1-col\" ><div class='pt-cv-ifield'><a href=\"https:\/\/zkrsm.mk\/z\/?p=331\" class=\"_self pt-cv-href-thumbnail pt-cv-thumb-default\" target=\"_self\" ><img width=\"300\" height=\"179\" src=\"https:\/\/zkrsm.mk\/z\/wp-content\/uploads\/2025\/02\/Screenshot_2-300x179.jpg\" class=\"pt-cv-thumbnail\" alt=\"\" loading=\"lazy\" srcset=\"https:\/\/zkrsm.mk\/z\/wp-content\/uploads\/2025\/02\/Screenshot_2-300x179.jpg 300w, https:\/\/zkrsm.mk\/z\/wp-content\/uploads\/2025\/02\/Screenshot_2-24x14.jpg 24w, https:\/\/zkrsm.mk\/z\/wp-content\/uploads\/2025\/02\/Screenshot_2-36x21.jpg 36w, https:\/\/zkrsm.mk\/z\/wp-content\/uploads\/2025\/02\/Screenshot_2-48x29.jpg 48w, https:\/\/zkrsm.mk\/z\/wp-content\/uploads\/2025\/02\/Screenshot_2.jpg 496w\" sizes=\"(max-width: 300px) 100vw, 300px\" \/><\/a>\n<h4 class=\"pt-cv-title\"><a href=\"https:\/\/zkrsm.mk\/z\/?p=331\" class=\"_self\" target=\"_self\" >Thirrje p\u00ebr veprim p\u00ebr t\u00eb bojkotuar zinxhir\u00ebt e m\u00ebdhenj t\u00eb shitjes me pakic\u00eb<\/a><\/h4><\/div><\/div>\n<div class=\"col-md-4 col-sm-6 col-xs-12 pt-cv-content-item pt-cv-1-col\" ><div class='pt-cv-ifield'><a href=\"https:\/\/zkrsm.mk\/z\/?p=328\" class=\"_self pt-cv-href-thumbnail pt-cv-thumb-default\" target=\"_self\" ><img width=\"300\" height=\"197\" src=\"https:\/\/zkrsm.mk\/z\/wp-content\/uploads\/2025\/02\/Screenshot_1-300x197.jpg\" class=\"pt-cv-thumbnail\" alt=\"\" loading=\"lazy\" srcset=\"https:\/\/zkrsm.mk\/z\/wp-content\/uploads\/2025\/02\/Screenshot_1-300x197.jpg 300w, https:\/\/zkrsm.mk\/z\/wp-content\/uploads\/2025\/02\/Screenshot_1-24x16.jpg 24w, https:\/\/zkrsm.mk\/z\/wp-content\/uploads\/2025\/02\/Screenshot_1-36x24.jpg 36w, https:\/\/zkrsm.mk\/z\/wp-content\/uploads\/2025\/02\/Screenshot_1-48x32.jpg 48w, https:\/\/zkrsm.mk\/z\/wp-content\/uploads\/2025\/02\/Screenshot_1.jpg 607w\" sizes=\"(max-width: 300px) 100vw, 300px\" \/><\/a>\n<h4 class=\"pt-cv-title\"><a href=\"https:\/\/zkrsm.mk\/z\/?p=328\" class=\"_self\" target=\"_self\" >Paga minimale, lufta p\u00ebr barazi dhe mb\u00ebshtetje p\u00ebr sektorin privat<\/a><\/h4><\/div><\/div>\n<div class=\"col-md-4 col-sm-6 col-xs-12 pt-cv-content-item pt-cv-1-col\" ><div class='pt-cv-ifield'><a href=\"https:\/\/zkrsm.mk\/z\/?p=321\" class=\"_self pt-cv-href-thumbnail pt-cv-thumb-default\" target=\"_self\" ><img width=\"300\" height=\"188\" src=\"https:\/\/zkrsm.mk\/z\/wp-content\/uploads\/2025\/02\/469852068_1289539442394701_1972071767423356589_n-1-300x188.jpg\" class=\"pt-cv-thumbnail\" alt=\"\" loading=\"lazy\" srcset=\"https:\/\/zkrsm.mk\/z\/wp-content\/uploads\/2025\/02\/469852068_1289539442394701_1972071767423356589_n-1-300x188.jpg 300w, https:\/\/zkrsm.mk\/z\/wp-content\/uploads\/2025\/02\/469852068_1289539442394701_1972071767423356589_n-1-1024x641.jpg 1024w, https:\/\/zkrsm.mk\/z\/wp-content\/uploads\/2025\/02\/469852068_1289539442394701_1972071767423356589_n-1-768x480.jpg 768w, https:\/\/zkrsm.mk\/z\/wp-content\/uploads\/2025\/02\/469852068_1289539442394701_1972071767423356589_n-1-1536x961.jpg 1536w, https:\/\/zkrsm.mk\/z\/wp-content\/uploads\/2025\/02\/469852068_1289539442394701_1972071767423356589_n-1-24x15.jpg 24w, https:\/\/zkrsm.mk\/z\/wp-content\/uploads\/2025\/02\/469852068_1289539442394701_1972071767423356589_n-1-36x23.jpg 36w, https:\/\/zkrsm.mk\/z\/wp-content\/uploads\/2025\/02\/469852068_1289539442394701_1972071767423356589_n-1-48x30.jpg 48w, https:\/\/zkrsm.mk\/z\/wp-content\/uploads\/2025\/02\/469852068_1289539442394701_1972071767423356589_n-1.jpg 1600w\" sizes=\"(max-width: 300px) 100vw, 300px\" \/><\/a>\n<h4 class=\"pt-cv-title\"><a href=\"https:\/\/zkrsm.mk\/z\/?p=321\" class=\"_self\" target=\"_self\" >Konferenca p\u00ebrfundimtare &#8220;Nuk do t\u00eb jesh kurr\u00eb vet\u00ebm&#8221;<\/a><\/h4><\/div><\/div>\n<div class=\"col-md-4 col-sm-6 col-xs-12 pt-cv-content-item pt-cv-1-col\" ><div class='pt-cv-ifield'><a href=\"https:\/\/zkrsm.mk\/z\/?p=316\" class=\"_self pt-cv-href-thumbnail pt-cv-thumb-default\" target=\"_self\" ><img width=\"300\" height=\"200\" src=\"https:\/\/zkrsm.mk\/z\/wp-content\/uploads\/2025\/02\/468942713_1178364270393610_4715373134176778076_n-300x200.jpg\" class=\"pt-cv-thumbnail\" alt=\"\" loading=\"lazy\" srcset=\"https:\/\/zkrsm.mk\/z\/wp-content\/uploads\/2025\/02\/468942713_1178364270393610_4715373134176778076_n-300x200.jpg 300w, https:\/\/zkrsm.mk\/z\/wp-content\/uploads\/2025\/02\/468942713_1178364270393610_4715373134176778076_n-1024x683.jpg 1024w, https:\/\/zkrsm.mk\/z\/wp-content\/uploads\/2025\/02\/468942713_1178364270393610_4715373134176778076_n-768x512.jpg 768w, https:\/\/zkrsm.mk\/z\/wp-content\/uploads\/2025\/02\/468942713_1178364270393610_4715373134176778076_n-1536x1024.jpg 1536w, https:\/\/zkrsm.mk\/z\/wp-content\/uploads\/2025\/02\/468942713_1178364270393610_4715373134176778076_n-24x16.jpg 24w, https:\/\/zkrsm.mk\/z\/wp-content\/uploads\/2025\/02\/468942713_1178364270393610_4715373134176778076_n-36x24.jpg 36w, https:\/\/zkrsm.mk\/z\/wp-content\/uploads\/2025\/02\/468942713_1178364270393610_4715373134176778076_n-48x32.jpg 48w, https:\/\/zkrsm.mk\/z\/wp-content\/uploads\/2025\/02\/468942713_1178364270393610_4715373134176778076_n.jpg 2048w\" sizes=\"(max-width: 300px) 100vw, 300px\" \/><\/a>\n<h4 class=\"pt-cv-title\"><a href=\"https:\/\/zkrsm.mk\/z\/?p=316\" class=\"_self\" target=\"_self\" >Projekt p\u00ebr zejtar\u00ebt n\u00eb bashk\u00ebpunim me Ministrin\u00eb e Ekonomis\u00eb<\/a><\/h4><\/div><\/div>\n<div class=\"col-md-4 col-sm-6 col-xs-12 pt-cv-content-item pt-cv-1-col\" ><div class='pt-cv-ifield'><a href=\"https:\/\/zkrsm.mk\/z\/?p=311\" class=\"_self pt-cv-href-thumbnail pt-cv-thumb-default\" target=\"_self\" ><img width=\"300\" height=\"200\" src=\"https:\/\/zkrsm.mk\/z\/wp-content\/uploads\/2025\/02\/467761050_1276600367021942_7112315695992491062_n-300x200.jpg\" class=\"pt-cv-thumbnail\" alt=\"\" loading=\"lazy\" srcset=\"https:\/\/zkrsm.mk\/z\/wp-content\/uploads\/2025\/02\/467761050_1276600367021942_7112315695992491062_n-300x200.jpg 300w, https:\/\/zkrsm.mk\/z\/wp-content\/uploads\/2025\/02\/467761050_1276600367021942_7112315695992491062_n-1024x683.jpg 1024w, https:\/\/zkrsm.mk\/z\/wp-content\/uploads\/2025\/02\/467761050_1276600367021942_7112315695992491062_n-768x512.jpg 768w, https:\/\/zkrsm.mk\/z\/wp-content\/uploads\/2025\/02\/467761050_1276600367021942_7112315695992491062_n-24x16.jpg 24w, https:\/\/zkrsm.mk\/z\/wp-content\/uploads\/2025\/02\/467761050_1276600367021942_7112315695992491062_n-36x24.jpg 36w, https:\/\/zkrsm.mk\/z\/wp-content\/uploads\/2025\/02\/467761050_1276600367021942_7112315695992491062_n-48x32.jpg 48w, https:\/\/zkrsm.mk\/z\/wp-content\/uploads\/2025\/02\/467761050_1276600367021942_7112315695992491062_n.jpg 1080w\" sizes=\"(max-width: 300px) 100vw, 300px\" \/><\/a>\n<h4 class=\"pt-cv-title\"><a href=\"https:\/\/zkrsm.mk\/z\/?p=311\" class=\"_self\" target=\"_self\" >Forumin Komb\u00ebtar t\u00eb Civica Mobilitas 2024<\/a><\/h4><\/div><\/div><\/div><\/div><\/div>\n","protected":false},"excerpt":{"rendered":"","protected":false},"author":1,"featured_media":0,"parent":0,"menu_order":0,"comment_status":"closed","ping_status":"closed","template":"","meta":[],"_links":{"self":[{"href":"https:\/\/zkrsm.mk\/z\/index.php?rest_route=\/wp\/v2\/pages\/184"}],"collection":[{"href":"https:\/\/zkrsm.mk\/z\/index.php?rest_route=\/wp\/v2\/pages"}],"about":[{"href":"https:\/\/zkrsm.mk\/z\/index.php?rest_route=\/wp\/v2\/types\/page"}],"author":[{"embeddable":true,"href":"https:\/\/zkrsm.mk\/z\/index.php?rest_route=\/wp\/v2\/users\/1"}],"replies":[{"embeddable":true,"href":"https:\/\/zkrsm.mk\/z\/index.php?rest_route=%2Fwp%2Fv2%2Fcomments&post=184"}],"version-history":[{"count":2,"href":"https:\/\/zkrsm.mk\/z\/index.php?rest_route=\/wp\/v2\/pages\/184\/revisions"}],"predecessor-version":[{"id":188,"href":"https:\/\/zkrsm.mk\/z\/index.php?rest_route=\/wp\/v2\/pages\/184\/revisions\/188"}],"wp:attachment":[{"href":"https:\/\/zkrsm.mk\/z\/index.php?rest_route=%2Fwp%2Fv2%2Fmedia&parent=184"}],"curies":[{"name":"wp","href":"https:\/\/api.w.org\/{rel}","templated":true}]}}